{"id":6528,"date":"2025-12-26T20:04:03","date_gmt":"2025-12-27T04:04:03","guid":{"rendered":"https:\/\/puertoshdz.com\/?page_id=6528"},"modified":"2026-04-05T23:59:33","modified_gmt":"2026-04-06T06:59:33","slug":"blog","status":"publish","type":"page","link":"https:\/\/puertoshdz.com\/es\/blog\/","title":{"rendered":"Blog"},"content":{"rendered":"<div class=\"wp-block-uagb-container uagb-block-vx8pl3bs alignfull uagb-is-root-container\"><div class=\"uagb-container-inner-blocks-wrap\">\n<div class=\"wp-block-uagb-info-box uagb-block-mbrfcfzo uagb-infobox__content-wrap  uagb-infobox-icon-above-title uagb-infobox-image-valign-top wp-block-uagb-info-box--has-margin\"><div class=\"uagb-infobox-margin-wrapper\"><div class=\"uagb-ifb-content\"><div class=\"uagb-ifb-title-wrap\"><h1 class=\"uagb-ifb-title\">Blog<\/h1><\/div><p class=\"uagb-ifb-desc\">Consejos de mejoras para el hogar en Fresno y Clovis<\/p><\/div><\/div><\/div>\n<\/div><\/div>\n\n\n\n<div class=\"wp-block-uagb-container uagb-layout-grid uagb-block-bdeaf823 alignfull uagb-is-root-container\"><div class=\"uagb-container-inner-blocks-wrap\">\n\t\t\t<div class=\"wp-block-uagb-post-grid uagb-post-grid  uagb-post__image-position-top uagb-post__image-enabled uagb-block-9d147e1b     uagb-post__items uagb-post__columns-3 is-grid uagb-post__columns-tablet-2 uagb-post__columns-mobile-1 uagb-post__equal-height\" data-total=\"1\" style=\"\">\n\n\t\t\t\t\t\t\t\t\t\t\t\t<article class=\"uagb-post__inner-wrap\">\t\t\t\t\t\t\t\t<div class='uagb-post__image'>\n\t\t\t\t\t\t\t\t\t<a href=\"https:\/\/puertoshdz.com\/es\/how-much-does-a-new-ac-cost-in-fresno-2026-guide-60-months-financing\/\" target=\"_self\" rel=\"bookmark noopener noreferrer\" class='uagb-image-ratio-1-1'><img loading=\"lazy\" decoding=\"async\" width=\"1000\" height=\"853\" src=\"https:\/\/puertoshdz.com\/wp-content\/uploads\/2026\/03\/Puertos-HDZ-especial-offert-e1773983690295.png\" class=\"attachment-full size-full\" alt=\"\" srcset=\"https:\/\/puertoshdz.com\/wp-content\/uploads\/2026\/03\/Puertos-HDZ-especial-offert-e1773983690295.png 1000w, https:\/\/puertoshdz.com\/wp-content\/uploads\/2026\/03\/Puertos-HDZ-especial-offert-e1773983690295-300x256.png 300w, https:\/\/puertoshdz.com\/wp-content\/uploads\/2026\/03\/Puertos-HDZ-especial-offert-e1773983690295-768x655.png 768w, https:\/\/puertoshdz.com\/wp-content\/uploads\/2026\/03\/Puertos-HDZ-especial-offert-e1773983690295-14x12.png 14w\" sizes=\"auto, (max-width: 1000px) 100vw, 1000px\" \/>\t\t\t\t\t<\/a>\n\t\t\t\t\t\t\t<\/div>\n\t\t\t<div class=\"uag-post-grid-wrapper\">\t\t\t<h4 class=\"uagb-post__title uagb-post__text\">\n\t\t\t\t<a href=\"https:\/\/puertoshdz.com\/es\/how-much-does-a-new-ac-cost-in-fresno-2026-guide-60-months-financing\/\" target=\"_self\" rel=\"bookmark noopener noreferrer\">How Much Does a New AC Cost in Fresno? (2026 Guide + 60 Months Financing)<\/a>\n\t\t\t<\/h4>\n\t\t\t\t\t\t<div class='uagb-post__text uagb-post-grid-byline'>\n\t\t\t\t\t\t\t\t<time datetime=\"2026-03-19T21:54:24-07:00\" class=\"uagb-post__date\">\n\t\t\t\t<span class=\"dashicons-calendar dashicons\"><\/span>\t\t\t\t\t19\/03\/2026\t\t\t\t<\/time>\n\t\t\t\t\t\t\t<span class=\"uagb-post__comment\">\n\t\t\t\t<span class=\"dashicons-admin-comments dashicons\"><\/span>\t\t\t\t\tNo hay comentarios\t\t\t\t<\/span>\n\t\t\t\t\t\t<\/div>\n\t\t\t\t\t\t\t<div class='uagb-post__text uagb-post__excerpt'>\n\t\t\t\t\t<p>Is Your AC Ready for the Fresno Heat? What Homeowners Should Do Before SummerAs we&#8230;\t\t\t\t<\/div>\n\t\t\t\t\t\t<div class=\"uagb-post__text uagb-post__cta wp-block-button\">\n\t\t\t\t<a class=\"wp-block-button__link uagb-text-link\" style=\"\" href=\"https:\/\/puertoshdz.com\/es\/how-much-does-a-new-ac-cost-in-fresno-2026-guide-60-months-financing\/\" target=\"_self\" rel=\"bookmark noopener noreferrer\">Leer m\u00e1s<\/a>\n\t\t\t<\/div>\n\t\t\t<\/div>\n\t\t\t\t\t\t\t\t\t<\/article>\n\t\t\t\t\t\t\t\t\t\t\t\t\t\t\t\t<article class=\"uagb-post__inner-wrap\">\t\t\t\t\t\t\t\t<div class='uagb-post__image'>\n\t\t\t\t\t\t\t\t\t<a href=\"https:\/\/puertoshdz.com\/es\/when-to-replace-air-conditioner-fresno\/\" target=\"_self\" rel=\"bookmark noopener noreferrer\" class='uagb-image-ratio-1-1'><img loading=\"lazy\" decoding=\"async\" width=\"850\" height=\"590\" src=\"https:\/\/puertoshdz.com\/wp-content\/uploads\/2025\/12\/photo_5159066277770276614_y1-e1766889836543.jpg\" class=\"attachment-full size-full\" alt=\"\" srcset=\"https:\/\/puertoshdz.com\/wp-content\/uploads\/2025\/12\/photo_5159066277770276614_y1-e1766889836543.jpg 850w, https:\/\/puertoshdz.com\/wp-content\/uploads\/2025\/12\/photo_5159066277770276614_y1-e1766889836543-300x208.jpg 300w, https:\/\/puertoshdz.com\/wp-content\/uploads\/2025\/12\/photo_5159066277770276614_y1-e1766889836543-768x533.jpg 768w, https:\/\/puertoshdz.com\/wp-content\/uploads\/2025\/12\/photo_5159066277770276614_y1-e1766889836543-18x12.jpg 18w\" sizes=\"auto, (max-width: 850px) 100vw, 850px\" \/>\t\t\t\t\t<\/a>\n\t\t\t\t\t\t\t<\/div>\n\t\t\t<div class=\"uag-post-grid-wrapper\">\t\t\t<h4 class=\"uagb-post__title uagb-post__text\">\n\t\t\t\t<a href=\"https:\/\/puertoshdz.com\/es\/when-to-replace-air-conditioner-fresno\/\" target=\"_self\" rel=\"bookmark noopener noreferrer\">When to Replace Your Air Conditioner in Fresno (Warning Signs Homeowners Ignore)<\/a>\n\t\t\t<\/h4>\n\t\t\t\t\t\t<div class='uagb-post__text uagb-post-grid-byline'>\n\t\t\t\t\t\t\t\t<time datetime=\"2025-12-27T18:41:47-08:00\" class=\"uagb-post__date\">\n\t\t\t\t<span class=\"dashicons-calendar dashicons\"><\/span>\t\t\t\t\t27\/12\/2025\t\t\t\t<\/time>\n\t\t\t\t\t\t\t<span class=\"uagb-post__comment\">\n\t\t\t\t<span class=\"dashicons-admin-comments dashicons\"><\/span>\t\t\t\t\tNo hay comentarios\t\t\t\t<\/span>\n\t\t\t\t\t\t<\/div>\n\t\t\t\t\t\t\t<div class='uagb-post__text uagb-post__excerpt'>\n\t\t\t\t\tLearn the warning signs that indicate it\u2019s time to replace your air conditioner in Fresno&#8230;\t\t\t\t<\/div>\n\t\t\t\t\t\t<div class=\"uagb-post__text uagb-post__cta wp-block-button\">\n\t\t\t\t<a class=\"wp-block-button__link uagb-text-link\" style=\"\" href=\"https:\/\/puertoshdz.com\/es\/when-to-replace-air-conditioner-fresno\/\" target=\"_self\" rel=\"bookmark noopener noreferrer\">Leer m\u00e1s<\/a>\n\t\t\t<\/div>\n\t\t\t<\/div>\n\t\t\t\t\t\t\t\t\t<\/article>\n\t\t\t\t\t\t\t\t\t\t\t\t\t\t\t\t<article class=\"uagb-post__inner-wrap\">\t\t\t\t\t\t\t\t<div class='uagb-post__image'>\n\t\t\t\t\t\t\t\t\t<a href=\"https:\/\/puertoshdz.com\/es\/roof-repair-warning-signs-fresno\/\" target=\"_self\" rel=\"bookmark noopener noreferrer\" class='uagb-image-ratio-1-1'><img loading=\"lazy\" decoding=\"async\" width=\"480\" height=\"360\" src=\"https:\/\/puertoshdz.com\/wp-content\/uploads\/2025\/12\/puertos-hdz-techo-destruido-antes-de-restaurar.jpg\" class=\"attachment-full size-full\" alt=\"\" srcset=\"https:\/\/puertoshdz.com\/wp-content\/uploads\/2025\/12\/puertos-hdz-techo-destruido-antes-de-restaurar.jpg 480w, https:\/\/puertoshdz.com\/wp-content\/uploads\/2025\/12\/puertos-hdz-techo-destruido-antes-de-restaurar-300x225.jpg 300w, https:\/\/puertoshdz.com\/wp-content\/uploads\/2025\/12\/puertos-hdz-techo-destruido-antes-de-restaurar-16x12.jpg 16w\" sizes=\"auto, (max-width: 480px) 100vw, 480px\" \/>\t\t\t\t\t<\/a>\n\t\t\t\t\t\t\t<\/div>\n\t\t\t<div class=\"uag-post-grid-wrapper\">\t\t\t<h4 class=\"uagb-post__title uagb-post__text\">\n\t\t\t\t<a href=\"https:\/\/puertoshdz.com\/es\/roof-repair-warning-signs-fresno\/\" target=\"_self\" rel=\"bookmark noopener noreferrer\">7 se\u00f1ales de advertencia de que tu techo necesita reparaci\u00f3n en Fresno (antes de que empeore el invierno)<\/a>\n\t\t\t<\/h4>\n\t\t\t\t\t\t<div class='uagb-post__text uagb-post-grid-byline'>\n\t\t\t\t\t\t\t\t<time datetime=\"2025-12-26T19:29:17-08:00\" class=\"uagb-post__date\">\n\t\t\t\t<span class=\"dashicons-calendar dashicons\"><\/span>\t\t\t\t\t26\/12\/2025\t\t\t\t<\/time>\n\t\t\t\t\t\t\t<span class=\"uagb-post__comment\">\n\t\t\t\t<span class=\"dashicons-admin-comments dashicons\"><\/span>\t\t\t\t\tNo hay comentarios\t\t\t\t<\/span>\n\t\t\t\t\t\t<\/div>\n\t\t\t\t\t\t\t<div class='uagb-post__text uagb-post__excerpt'>\n\t\t\t\t\tConoce las se\u00f1ales m\u00e1s comunes de que tu techo puede necesitar reparaci\u00f3n en Fresno y c\u00f3mo actuar a tiempo\u2026\t\t\t\t<\/div>\n\t\t\t\t\t\t<div class=\"uagb-post__text uagb-post__cta wp-block-button\">\n\t\t\t\t<a class=\"wp-block-button__link uagb-text-link\" style=\"\" href=\"https:\/\/puertoshdz.com\/es\/roof-repair-warning-signs-fresno\/\" target=\"_self\" rel=\"bookmark noopener noreferrer\">Leer m\u00e1s<\/a>\n\t\t\t<\/div>\n\t\t\t<\/div>\n\t\t\t\t\t\t\t\t\t<\/article>\n\t\t\t\t\t\t\t\t\t\t\t\t\t<div class=\"uagb-post-pagination-wrap\">\n\t\t\t\t\t\t\t\t\t\t\t<\/div>\n\t\t\t\t\t\t\t\t<\/div>\n\t\t\t<\/div><\/div>","protected":false},"excerpt":{"rendered":"","protected":false},"author":1,"featured_media":0,"parent":0,"menu_order":0,"comment_status":"closed","ping_status":"closed","template":"","meta":{"_uag_custom_page_level_css":"","site-sidebar-layout":"default","site-content-layout":"","ast-site-content-layout":"default","site-content-style":"default","site-sidebar-style":"default","ast-global-header-display":"","ast-banner-title-visibility":"","ast-main-header-display":"","ast-hfb-above-header-display":"","ast-hfb-below-header-display":"","ast-hfb-mobile-header-display":"","site-post-title":"disabled","ast-breadcrumbs-content":"","ast-featured-img":"","footer-sml-layout":"","ast-disable-related-posts":"","theme-transparent-header-meta":"","adv-header-id-meta":"","stick-header-meta":"","header-above-stick-meta":"","header-main-stick-meta":"","header-below-stick-meta":"","astra-migrate-meta-layouts":"set","ast-page-background-enabled":"default","ast-page-background-meta":{"desktop":{"background-color":"","background-image":"","background-repeat":"repeat","background-position":"center center","background-size":"auto","background-attachment":"scroll","background-type":"","background-media":"","overlay-type":"","overlay-color":"","overlay-opacity":"","overlay-gradient":""},"tablet":{"background-color":"","background-image":"","background-repeat":"repeat","background-position":"center center","background-size":"auto","background-attachment":"scroll","background-type":"","background-media":"","overlay-type":"","overlay-color":"","overlay-opacity":"","overlay-gradient":""},"mobile":{"background-color":"","background-image":"","background-repeat":"repeat","background-position":"center center","background-size":"auto","background-attachment":"scroll","background-type":"","background-media":"","overlay-type":"","overlay-color":"","overlay-opacity":"","overlay-gradient":""}},"ast-content-background-meta":{"desktop":{"background-color":"var(--ast-global-color-5)","background-image":"","background-repeat":"repeat","background-position":"center center","background-size":"auto","background-attachment":"scroll","background-type":"","background-media":"","overlay-type":"","overlay-color":"","overlay-opacity":"","overlay-gradient":""},"tablet":{"background-color":"var(--ast-global-color-5)","background-image":"","background-repeat":"repeat","background-position":"center center","background-size":"auto","background-attachment":"scroll","background-type":"","background-media":"","overlay-type":"","overlay-color":"","overlay-opacity":"","overlay-gradient":""},"mobile":{"background-color":"var(--ast-global-color-5)","background-image":"","background-repeat":"repeat","background-position":"center center","background-size":"auto","background-attachment":"scroll","background-type":"","background-media":"","overlay-type":"","overlay-color":"","overlay-opacity":"","overlay-gradient":""}},"footnotes":""},"class_list":["post-6528","page","type-page","status-publish","hentry"],"uagb_featured_image_src":{"full":false,"thumbnail":false,"medium":false,"medium_large":false,"large":false,"1536x1536":false,"2048x2048":false,"trp-custom-language-flag":false},"uagb_author_info":{"display_name":"Ari","author_link":"https:\/\/puertoshdz.com\/es\/author\/ariferrusagmail-com\/"},"uagb_comment_info":0,"uagb_excerpt":null,"_links":{"self":[{"href":"https:\/\/puertoshdz.com\/es\/wp-json\/wp\/v2\/pages\/6528","targetHints":{"allow":["GET"]}}],"collection":[{"href":"https:\/\/puertoshdz.com\/es\/wp-json\/wp\/v2\/pages"}],"about":[{"href":"https:\/\/puertoshdz.com\/es\/wp-json\/wp\/v2\/types\/page"}],"author":[{"embeddable":true,"href":"https:\/\/puertoshdz.com\/es\/wp-json\/wp\/v2\/users\/1"}],"replies":[{"embeddable":true,"href":"https:\/\/puertoshdz.com\/es\/wp-json\/wp\/v2\/comments?post=6528"}],"version-history":[{"count":48,"href":"https:\/\/puertoshdz.com\/es\/wp-json\/wp\/v2\/pages\/6528\/revisions"}],"predecessor-version":[{"id":6956,"href":"https:\/\/puertoshdz.com\/es\/wp-json\/wp\/v2\/pages\/6528\/revisions\/6956"}],"wp:attachment":[{"href":"https:\/\/puertoshdz.com\/es\/wp-json\/wp\/v2\/media?parent=6528"}],"curies":[{"name":"wp","href":"https:\/\/api.w.org\/{rel}","templated":true}]}}