{"id":860,"date":"2025-07-23T04:04:57","date_gmt":"2025-07-23T04:04:57","guid":{"rendered":"https:\/\/puertoshdz.com\/contact\/"},"modified":"2026-03-21T10:41:24","modified_gmt":"2026-03-21T17:41:24","slug":"contact","status":"publish","type":"page","link":"https:\/\/puertoshdz.com\/es\/contact\/","title":{"rendered":"Contacto"},"content":{"rendered":"<header class=\"wp-block-uagb-container uagb-block-7ccb2ae7 alignfull uagb-is-root-container\"><div class=\"uagb-container-inner-blocks-wrap\">\n<header class=\"wp-block-uagb-advanced-heading uagb-block-06ded920\"><h1 class=\"uagb-heading-text\">Contacta a Puertos HDZ para mejoras en el Hogar<\/h1><p class=\"uagb-desc-text\">Servicios de Techos y Aire Acondicionado Confiables en el Valle Central<\/p><\/header>\n<\/div><\/header>\n\n\n\n<section class=\"wp-block-uagb-container uagb-block-xejql9lu alignfull uagb-is-root-container\">\n<section class=\"wp-block-uagb-info-box uagb-block-whleg9s5 uagb-infobox__content-wrap  uagb-infobox-icon-above-title uagb-infobox-image-valign-top wp-block-uagb-info-box--has-margin\"><div class=\"uagb-infobox-margin-wrapper\"><div class=\"uagb-ifb-content\"><div class=\"uagb-ifb-image-content\"><img decoding=\"async\" src=\"https:\/\/puertoshdz.com\/wp-content\/uploads\/2025\/08\/Logo-Vs-Horizontal.svg\" alt=\"Logo horizontal de Puertos HDZ Home Improvements en Fresno, California\" width=\"350\" height=\"122\" loading=\"lazy\"\/><\/div><div class=\"uagb-ifb-title-wrap\"><h2 class=\"uagb-ifb-title\"><strong><mark style=\"background-color:rgba(0, 0, 0, 0)\" class=\"has-inline-color has-ast-global-color-0-color\">\u00a1Cont\u00e1ctanos para aires y Techos! <\/mark><\/strong><br>Estamos listos para ayudarte con <br>tus necesidades para el hogar o Comercio.<\/h2><\/div><p class=\"uagb-ifb-desc\">Queremos ser parte de tu proyecto \u2014 completa el formulario hoy para recibir una asesor\u00eda r\u00e1pida <br>sobre mejoras para el hogar, desde techos de calidad hasta aire acondicionado eficiente.<\/p><\/div><\/div><\/section>\n<\/section>\n\n\n\n<section class=\"wp-block-uagb-container posicionador uagb-block-72d77898 alignfull uagb-is-root-container\"><div class=\"uagb-container-inner-blocks-wrap\">\n<div class=\"wp-block-uagb-container uagb-block-gdl1gkwi\">\n<div class=\"wp-block-uagb-forms uagb-forms__outer-wrap uagb-block-ttvz4d6c uagb-forms__default-btn\"><form class=\"uagb-forms-main-form\" method=\"post\" autocomplete=\"on\" name=\"uagb-form-ttvz4d6c\" action=\"\">\n<div class=\"wp-block-uagb-forms-name uagb-forms-name-wrap uagb-forms-field-set uagb-block-znltt8rg uag-col-2\"><div class=\"uagb-forms-name-label required uagb-forms-input-label\" id=\"znltt8rg\">Nombre<\/div><input type=\"text\" placeholder=\"\" required class=\"uagb-forms-name-input uagb-forms-input\" name=\"znltt8rg\" autocomplete=\"given-name\"\/><\/div>\n\n\n\n<div class=\"wp-block-uagb-forms-name uagb-forms-name-wrap uagb-forms-field-set uagb-block-lghog3ab uag-col-2\"><div class=\"uagb-forms-name-label required uagb-forms-input-label\" id=\"lghog3ab\">Apellido<\/div><input type=\"text\" placeholder=\"\" required class=\"uagb-forms-name-input uagb-forms-input\" name=\"lghog3ab\" autocomplete=\"family-name\"\/><\/div>\n\n\n\n<div class=\"wp-block-uagb-forms-textarea uagb-forms-textarea-wrap uagb-forms-field-set uagb-block-509ea96d\"><div class=\"uagb-forms-textarea-label required uagb-forms-input-label\" id=\"509ea96d\">Num. de tel\u00e9fono <\/div><textarea required class=\"uagb-forms-textarea-input uagb-forms-input\" rows=\"2\" placeholder=\"\" name=\"509ea96d\" autocomplete=\"off\"><\/textarea><\/div>\n\n\n\n<div class=\"wp-block-uagb-forms-email uagb-forms-email-wrap uagb-forms-field-set uagb-block-zgtdvyaw\"><div class=\"uagb-forms-email-label required uagb-forms-input-label\" id=\"zgtdvyaw\">Email<\/div><input type=\"email\" class=\"uagb-forms-email-input uagb-forms-input\" placeholder=\"\" required name=\"zgtdvyaw\" autocomplete=\"email\"\/><\/div>\n\n\n\n<div class=\"wp-block-uagb-forms-checkbox uagb-forms-checkbox-wrap uagb-forms-field-set uagb-block-b25354ac\"><div class=\"uagb-forms-checkbox-label  uagb-forms-input-label\" id=\"b25354ac\">Servicios de Inter\u00e9s:<\/div><input type=\"checkbox\" class=\"uagb-forms-checkbox\" id=\"checkbox-roofing-installation-b25354ac\" name=\"Featured Service:[]\" value=\"Roofing Installation\"\/><label for=\"checkbox-roofing-installation-b25354ac\">Instalaci\u00f3n de techos<\/label><br\/><input type=\"checkbox\" class=\"uagb-forms-checkbox\" id=\"checkbox-air-conditioning-installation-b25354ac\" name=\"Featured Service:[]\" value=\"Air Conditioning Installation\"\/><label for=\"checkbox-air-conditioning-installation-b25354ac\">Instalaci\u00f3n de Aire Acondicionado<\/label><br\/><input type=\"checkbox\" class=\"uagb-forms-checkbox\" id=\"checkbox-energy-efficient-windows-or-doors-b25354ac\" name=\"Featured Service:[]\" value=\"Energy-Efficient Windows or Doors\"\/><label for=\"checkbox-energy-efficient-windows-or-doors-b25354ac\">Ventanas y Puertas de Eficiencia Energ\u00e9tica<\/label><br\/><input type=\"checkbox\" class=\"uagb-forms-checkbox\" id=\"checkbox-solar-panels-b25354ac\" name=\"Featured Service:[]\" value=\"Solar Panels\"\/><label for=\"checkbox-solar-panels-b25354ac\">Paneles Solares<\/label><br\/><input type=\"checkbox\" class=\"uagb-forms-checkbox\" id=\"checkbox-kitchen-remodeling-b25354ac\" name=\"Featured Service:[]\" value=\"Kitchen Remodeling\"\/><label for=\"checkbox-kitchen-remodeling-b25354ac\">Remodelaci\u00f3n de Cocina<\/label><br\/><input type=\"checkbox\" class=\"uagb-forms-checkbox\" id=\"checkbox-bathroom-remodeling-b25354ac\" name=\"Featured Service:[]\" value=\"Bathroom Remodeling\"\/><label for=\"checkbox-bathroom-remodeling-b25354ac\">Remodelaci\u00f3n de Ba\u00f1o<\/label><br\/><input type=\"checkbox\" class=\"uagb-forms-checkbox\" id=\"checkbox-water-purification-systems-b25354ac\" name=\"Featured Service:[]\" value=\"Water Purification Systems\"\/><label for=\"checkbox-water-purification-systems-b25354ac\">Sistemas de Purificaci\u00f3n de Agua<\/label><br\/><\/div>\n\n\n\n<div class=\"wp-block-uagb-forms-textarea uagb-forms-textarea-wrap uagb-forms-field-set uagb-block-awpxhlht\"><div class=\"uagb-forms-textarea-label required uagb-forms-input-label\" id=\"awpxhlht\">Mensaje<\/div><textarea required class=\"uagb-forms-textarea-input uagb-forms-input\" rows=\"3\" placeholder=\"\u00bfTienes preguntas o deseas una cotizaci\u00f3n? D\u00e9janos tu n\u00famero de tel\u00e9fono y tu mensaje, y nos pondremos en contacto contigo muy pronto.\" name=\"awpxhlht\" autocomplete=\"off\"><\/textarea><\/div>\n<div class=\"uagb-forms-form-hidden-data\"><input type=\"hidden\" class=\"uagb_forms_form_label\" value=\"Formulario de Pag. web.\"\/><input type=\"hidden\" class=\"uagb_forms_form_id\" value=\"uagb-form-ttvz4d6c\"\/><\/div><div class=\"uagb-form-reacaptcha-error-ttvz4d6c\"><\/div><div class=\"uagb-forms-main-submit-button-wrap wp-block-button\"><button class=\"uagb-forms-main-submit-button wp-block-button__link\"><div class=\"uagb-forms-main-submit-button-text\">Enviar<\/div><\/button><\/div><input type=\"hidden\" name=\"trp-form-language\" value=\"es\"\/><\/form><div class=\"uagb-forms-success-message-ttvz4d6c uagb-forms-submit-message-hide\"><span><\/span><\/div><div class=\"uagb-forms-failed-message-ttvz4d6c uagb-forms-submit-message-hide\"><span><\/span><\/div><\/div>\n<\/div>\n<\/div><\/section>\n\n\n\n<div class=\"wp-block-uagb-container uagb-block-iibmvpfz alignfull uagb-is-root-container\"><div class=\"uagb-container-inner-blocks-wrap\">\n<div class=\"wp-block-group is-content-justification-center is-layout-flex wp-container-core-group-is-layout-b02886af wp-block-group-is-layout-flex\">\n<div class=\"wp-block-uagb-info-box uagb-block-bet5twiz uagb-infobox__content-wrap  uagb-infobox-icon-above-title uagb-infobox-image-valign-top\" id=\"formulario\"><div class=\"uagb-ifb-content\"><div class=\"uagb-ifb-title-wrap\"><h3 class=\"uagb-ifb-title\">\u00bfSab\u00edas Esto Sobre el Calor de California \u2014 y Por Qu\u00e9 Deber\u00edas Contactar a Puertos HDZ?<\/h3><\/div><p class=\"uagb-ifb-desc\">Durante el verano, las altas temperaturas pueden aumentar dr\u00e1sticamente el consumo de electricidad, especialmente por el uso del aire acondicionado, que representa hasta el 30% del consumo m\u00e1ximo de energ\u00eda en los hogares.\nDe hecho, en zonas como Fresno y el Valle Central, los meses m\u00e1s calurosos pueden duplicar la factura el\u00e9ctrica mensual de una familia.\nAdem\u00e1s, esta demanda adicional no solo afecta tu presupuesto, sino que tambi\u00e9n ejerce presi\u00f3n sobre la red el\u00e9ctrica.\n\nPor eso, nuestro equipo est\u00e1 aqu\u00ed para ayudarte a reducir costos con soluciones energ\u00e9ticas eficientes.\nComo resultado, puedes disfrutar de facturas m\u00e1s bajas y un hogar m\u00e1s c\u00f3modo.\nDesde techos t\u00e9rmicos y sistemas de aire acondicionado de alto rendimiento, hasta ventanas eficientes, paneles solares y sistemas de filtraci\u00f3n de agua, ofrecemos mejoras que protegen tu salud mientras te ayudan a ahorrar dinero.<\/p><\/div><\/div>\n\n\n\n<div class=\"wp-block-uagb-container uagb-layout-flex uagb-block-2vri0oik\">\n<div class=\"wp-block-uagb-container uagb-block-u9o1v0fj\">\n<div class=\"wp-block-uagb-info-box uagb-block-sphfiqlx uagb-infobox__content-wrap  uagb-infobox-icon-above-title uagb-infobox-image-valign-top\"><div class=\"uagb-ifb-content\"><div class=\"uagb-ifb-title-wrap\"><h4 class=\"uagb-ifb-title\">$1500<\/h4><\/div><p class=\"uagb-ifb-desc\">El ahorro anual promedio al instalar paneles solares var\u00eda seg\u00fan el sistema, el consumo el\u00e9ctrico, la ubicaci\u00f3n, los incentivos y otros factores.<\/p><\/div><\/div>\n<\/div>\n\n\n\n<div class=\"wp-block-uagb-container uagb-block-cwvwkgzu\">\n<div class=\"wp-block-uagb-info-box uagb-block-sy7r98a2 uagb-infobox__content-wrap  uagb-infobox-icon-above-title uagb-infobox-image-valign-top\"><div class=\"uagb-ifb-content\"><div class=\"uagb-ifb-title-wrap\"><h4 class=\"uagb-ifb-title\">158M<\/h4><\/div><p class=\"uagb-ifb-desc\">Aproximadamente 160 millones de estadounidenses est\u00e1n expuestos a \u201cqu\u00edmicos eternos\u201d (PFAS) en el agua potable.<\/p><\/div><\/div>\n<\/div>\n\n\n\n<div class=\"wp-block-uagb-container uagb-block-i3dhr9e0\">\n<div class=\"wp-block-uagb-info-box uagb-block-oijb9qfs uagb-infobox__content-wrap  uagb-infobox-icon-above-title uagb-infobox-image-valign-top\"><div class=\"uagb-ifb-content\"><div class=\"uagb-ifb-title-wrap\"><h4 class=\"uagb-ifb-title\">45\u202f%<\/h4><\/div><p class=\"uagb-ifb-desc\">Aproximadamente el 50% del consumo el\u00e9ctrico de los hogares se destina a la refrigeraci\u00f3n y calefacci\u00f3n.<\/p><\/div><\/div>\n<\/div>\n\n\n\n<div class=\"wp-block-uagb-container uagb-block-f82ad391\">\n<div class=\"wp-block-uagb-info-box uagb-block-54e779cb uagb-infobox__content-wrap  uagb-infobox-icon-above-title uagb-infobox-image-valign-top\"><div class=\"uagb-ifb-content\"><div class=\"uagb-ifb-title-wrap\"><h4 class=\"uagb-ifb-title\">7\u201310 a\u00f1os<\/h4><\/div><p class=\"uagb-ifb-desc\">El tiempo promedio para recuperar la inversi\u00f3n en energ\u00eda solar es de aproximadamente 7 a 10 a\u00f1os.<\/p><\/div><\/div>\n<\/div>\n<\/div>\n<\/div>\n<\/div><\/div>\n\n\n\n<div class=\"wp-block-uagb-container uagb-block-vic5xueh alignfull uagb-is-root-container\"><div class=\"uagb-container-inner-blocks-wrap\">\n<div class=\"wp-block-uagb-container uagb-block-puemerpm\">\n<div class=\"wp-block-uagb-info-box uagb-block-d0b14l64 uagb-infobox__content-wrap  uagb-infobox-icon-above-title uagb-infobox-image-valign-top\"><div class=\"uagb-ifb-content\"><div class=\"uagb-ifb-title-wrap\"><h3 class=\"uagb-ifb-title\">Elige Puertos HDZ Mejoras para el Hogar \u2014 M\u00e1s Cerca de Ti<\/h3><\/div><p class=\"uagb-ifb-desc\">Estamos aqu\u00ed para ayudarte a hacer tu hogar m\u00e1s eficiente y c\u00f3modo.<\/p><\/div><\/div>\n\n\n\n<div class=\"wp-block-uagb-info-box uagb-block-iqw67jfe uagb-infobox__content-wrap  uagb-infobox-icon-left-title uagb-infobox-left uagb-infobox-image-valign-top\"><div class=\"uagb-ifb-content\"><div class=\"uagb-ifb-left-title-image\"><div class=\"uagb-ifb-icon-wrap\"><svg xmlns=\"https:\/\/www.w3.org\/2000\/svg\" viewbox=\"0 0 384 512\"><path d=\"M168.3 499.2C116.1 435 0 279.4 0 192C0 85.96 85.96 0 192 0C298 0 384 85.96 384 192C384 279.4 267 435 215.7 499.2C203.4 514.5 180.6 514.5 168.3 499.2H168.3zM192 256C227.3 256 256 227.3 256 192C256 156.7 227.3 128 192 128C156.7 128 128 156.7 128 192C128 227.3 156.7 256 192 256z\"><\/path><\/svg><\/div><div class=\"uagb-ifb-title-wrap\"><p class=\"uagb-ifb-title\">Direccion<\/p><\/div><\/div><p class=\"uagb-ifb-desc\">Fresno, CA 93722<\/p><div class=\"uagb-ifb-separator\"><\/div><\/div><\/div>\n\n\n\n<div class=\"wp-block-uagb-info-box uagb-block-dp50w6hn uagb-infobox__content-wrap  uagb-infobox-icon-left-title uagb-infobox-left uagb-infobox-image-valign-top\"><div class=\"uagb-ifb-content\"><div class=\"uagb-ifb-left-title-image\"><div class=\"uagb-ifb-icon-wrap\"><svg xmlns=\"https:\/\/www.w3.org\/2000\/svg\" viewbox=\"0 0 512 512\"><path d=\"M511.2 387l-23.25 100.8c-3.266 14.25-15.79 24.22-30.46 24.22C205.2 512 0 306.8 0 54.5c0-14.66 9.969-27.2 24.22-30.45l100.8-23.25C139.7-2.602 154.7 5.018 160.8 18.92l46.52 108.5c5.438 12.78 1.77 27.67-8.98 36.45L144.5 207.1c33.98 69.22 90.26 125.5 159.5 159.5l44.08-53.8c8.688-10.78 23.69-14.51 36.47-8.975l108.5 46.51C506.1 357.2 514.6 372.4 511.2 387z\"><\/path><\/svg><\/div><div class=\"uagb-ifb-title-wrap\"><p class=\"uagb-ifb-title\">Tel\u00e9fono<\/p><\/div><\/div><p class=\"uagb-ifb-desc\"><a href=\"tel:+15595191521\" title=\"559 5191521\">559 5191521<\/a><\/p><div class=\"uagb-ifb-separator\"><\/div><\/div><\/div>\n\n\n\n<div class=\"wp-block-uagb-info-box uagb-block-4w1v8asa uagb-infobox__content-wrap  uagb-infobox-icon-left-title uagb-infobox-left uagb-infobox-image-valign-top\"><div class=\"uagb-ifb-content\"><div class=\"uagb-ifb-left-title-image\"><div class=\"uagb-ifb-icon-wrap\"><svg xmlns=\"https:\/\/www.w3.org\/2000\/svg\" viewbox=\"0 0 512 512\"><path d=\"M464 64C490.5 64 512 85.49 512 112C512 127.1 504.9 141.3 492.8 150.4L275.2 313.6C263.8 322.1 248.2 322.1 236.8 313.6L19.2 150.4C7.113 141.3 0 127.1 0 112C0 85.49 21.49 64 48 64H464zM217.6 339.2C240.4 356.3 271.6 356.3 294.4 339.2L512 176V384C512 419.3 483.3 448 448 448H64C28.65 448 0 419.3 0 384V176L217.6 339.2z\"><\/path><\/svg><\/div><div class=\"uagb-ifb-title-wrap\"><p class=\"uagb-ifb-title\">Email<\/p><\/div><\/div><p class=\"uagb-ifb-desc\"><a href=\"mailto:puertoshdzgroup@gmail.com\">puertoshdzgroup@gmail.com<\/a><\/p><div class=\"uagb-ifb-separator\"><\/div><\/div><\/div>\n<\/div>\n\n\n\t\t\t<div data-aos= \"fade\" data-aos-duration=\"400\" data-aos-delay=\"0\" data-aos-easing=\"ease\" data-aos-once=\"true\" \n\t\t\tclass=\"wp-block-uagb-google-map uagb-google-map__wrap uagb-block-eohxdljs\"\n\t\t\tstyle=\"\" >\n\t\t\t\t<embed\n\t\t\t\t\tclass=\"uagb-google-map__iframe\"\n\t\t\t\t\ttitle=\"Google Map for \"\n\t\t\t\t\tsrc=\"https:\/\/maps.google.com\/maps?q=Fresno%2C%20CA&#038;z=12&#038;hl=en&#038;t=m&#038;output=embed&#038;iwloc=near\"\n\t\t\t\t\twidth=\"640\"\n\t\t\t\t\theight=\"500\"\n\t\t\t\t\tloading=\"lazy\"\n\t\t\t\t><\/embed>\n\t\t\t<\/div>\n\t\t\t<\/div><\/div>\n\n\n\n<div class=\"wp-block-uagb-container uagb-block-7nvxvkev alignfull uagb-is-root-container\"><div class=\"uagb-container-inner-blocks-wrap\">\n<div class=\"wp-block-uagb-container uagb-block-fvpr5jya\">\n<div class=\"wp-block-uagb-info-box uagb-block-y2mwyp3f uagb-infobox__content-wrap  uagb-infobox-icon-above-title uagb-infobox-image-valign-top wp-block-uagb-info-box--has-margin\"><div class=\"uagb-infobox-margin-wrapper\"><div class=\"uagb-ifb-content\"><div class=\"uagb-ifb-title-wrap\"><h3 class=\"uagb-ifb-title\">\u00c1rea de Servicio de Techos y Aire Acondicionado<\/h3><\/div><p class=\"uagb-ifb-desc\">Si te encuentras en Fresno, Clovis, Madera, Sanger, Selma, Bakersfield, Sacramento o sus alrededores, estamos listos para ser parte de tu proyecto.\nAdem\u00e1s, como conocemos el clima de la regi\u00f3n, adaptamos cada servicio para resistir tanto el calor extremo como el fr\u00edo.\nComo resultado, tu hogar se vuelve m\u00e1s eficiente, ahorrando energ\u00eda y dinero.\nFinalmente, con Puertos HDZ obtienes la tranquilidad de saber que tus mejoras est\u00e1n dise\u00f1adas para un rendimiento a largo plazo.<\/p><\/div><\/div><\/div>\n\n\n\n<div class=\"wp-block-uagb-buttons uagb-buttons__outer-wrap uagb-btn__default-btn uagb-btn-tablet__default-btn uagb-btn-mobile__default-btn uagb-block-0n0r3o1u\"><div class=\"uagb-buttons__wrap uagb-buttons-layout-wrap\">\n<div class=\"wp-block-uagb-buttons-child uagb-buttons__outer-wrap uagb-block-pagdxev9 wp-block-button\"><div class=\"uagb-button__wrapper\"><a class=\"uagb-buttons-repeater wp-block-button__link\" aria-label=\"\" href=\"tel:+15595191521\" rel=\"follow noopener\" target=\"_self\" role=\"button\"><div class=\"uagb-button__link\">Click para llamar<\/div><\/a><\/div><\/div>\n\n\n\n<div class=\"wp-block-uagb-buttons-child uagb-buttons__outer-wrap uagb-block-a1296a12 wp-block-button\"><div class=\"uagb-button__wrapper\"><a class=\"uagb-buttons-repeater wp-block-button__link\" aria-label=\"\" href=\"https:\/\/www.facebook.com\/c.puertos22\" rel=\"follow noopener\" target=\"_blank\" role=\"button\"><div class=\"uagb-button__link\">Facebook <\/div><\/a><\/div><\/div>\n\n\n\n<div class=\"wp-block-uagb-buttons-child uagb-buttons__outer-wrap uagb-block-a88bb76d wp-block-button\"><div class=\"uagb-button__wrapper\"><a class=\"uagb-buttons-repeater wp-block-button__link\" aria-label=\"\" href=\"https:\/\/wa.me\/15595191521?text=Hola%2C%20estoy%20interesado%20en%20sus%20servicios\" rel=\"follow noopener\" target=\"_blank\" role=\"button\"><div class=\"uagb-button__link\">WhatsApp <\/div><\/a><\/div><\/div>\n<\/div><\/div>\n<\/div>\n\n\n\n<div class=\"wp-block-uagb-image aligncenter uagb-block-kc8gyft0 wp-block-uagb-image--layout-default wp-block-uagb-image--effect-static wp-block-uagb-image--align-center alignleft\"><figure class=\"wp-block-uagb-image__figure\"><a class=\"\" href=\"https:\/\/puertoshdz.com\/es\/\" target=\"\" rel=\"noopener\"><img decoding=\"async\" srcset=\"https:\/\/puertoshdz.com\/wp-content\/uploads\/2025\/08\/california-ubicacion-puertos-hdz.jpg ,https:\/\/puertoshdz.com\/wp-content\/uploads\/2025\/08\/california-ubicacion-puertos-hdz-300x225.jpg 780w, https:\/\/puertoshdz.com\/wp-content\/uploads\/2025\/08\/california-ubicacion-puertos-hdz-300x225.jpg 360w\" sizes=\"auto, (max-width: 480px) 150px\" src=\"https:\/\/puertoshdz.com\/wp-content\/uploads\/2025\/08\/california-ubicacion-puertos-hdz.jpg\" alt=\"Mapa de California con marcador en Fresno, ubicaci\u00f3n de Puertos HDZ Home Improvements, expertos en techos y eficiencia energ\u00e9tica\" class=\"uag-image-4744\" width=\"405\" height=\"300\" title=\"Ubicaci\u00f3n de Puertos HDZ en California - Servicios de techos y paneles solares \" loading=\"lazy\" role=\"img\"\/><\/a><\/figure><\/div>\n<\/div><\/div>\n\n\n\n<p><\/p>","protected":false},"excerpt":{"rendered":"<p>Contact Puertos HDZ Home Improvements Trusted Roofing &amp; Air Conditioning Services in the Central Valley<\/p>","protected":false},"author":1,"featured_media":0,"parent":0,"menu_order":0,"comment_status":"closed","ping_status":"closed","template":"","meta":{"_uag_custom_page_level_css":"","site-sidebar-layout":"no-sidebar","site-content-layout":"plain-container","ast-site-content-layout":"full-width-container","site-content-style":"unboxed","site-sidebar-style":"unboxed","ast-global-header-display":"","ast-banner-title-visibility":"","ast-main-header-display":"","ast-hfb-above-header-display":"","ast-hfb-below-header-display":"","ast-hfb-mobile-header-display":"","site-post-title":"disabled","ast-breadcrumbs-content":"","ast-featured-img":"disabled","footer-sml-layout":"","ast-disable-related-posts":"","theme-transparent-header-meta":"enabled","adv-header-id-meta":"","stick-header-meta":"","header-above-stick-meta":"","header-main-stick-meta":"","header-below-stick-meta":"","astra-migrate-meta-layouts":"set","ast-page-background-enabled":"default","ast-page-background-meta":{"desktop":{"background-color":"","background-image":"","background-repeat":"repeat","background-position":"center center","background-size":"auto","background-attachment":"scroll","background-type":"","background-media":"","overlay-type":"","overlay-color":"","overlay-opacity":"","overlay-gradient":""},"tablet":{"background-color":"","background-image":"","background-repeat":"repeat","background-position":"center center","background-size":"auto","background-attachment":"scroll","background-type":"","background-media":"","overlay-type":"","overlay-color":"","overlay-opacity":"","overlay-gradient":""},"mobile":{"background-color":"","background-image":"","background-repeat":"repeat","background-position":"center center","background-size":"auto","background-attachment":"scroll","background-type":"","background-media":"","overlay-type":"","overlay-color":"","overlay-opacity":"","overlay-gradient":""}},"ast-content-background-meta":{"desktop":{"background-color":"var(--ast-global-color-5)","background-image":"","background-repeat":"repeat","background-position":"center center","background-size":"auto","background-attachment":"scroll","background-type":"","background-media":"","overlay-type":"","overlay-color":"","overlay-opacity":"","overlay-gradient":""},"tablet":{"background-color":"var(--ast-global-color-5)","background-image":"","background-repeat":"repeat","background-position":"center center","background-size":"auto","background-attachment":"scroll","background-type":"","background-media":"","overlay-type":"","overlay-color":"","overlay-opacity":"","overlay-gradient":""},"mobile":{"background-color":"var(--ast-global-color-5)","background-image":"","background-repeat":"repeat","background-position":"center center","background-size":"auto","background-attachment":"scroll","background-type":"","background-media":"","overlay-type":"","overlay-color":"","overlay-opacity":"","overlay-gradient":""}},"footnotes":""},"class_list":["post-860","page","type-page","status-publish","hentry"],"uagb_featured_image_src":{"full":false,"thumbnail":false,"medium":false,"medium_large":false,"large":false,"1536x1536":false,"2048x2048":false,"trp-custom-language-flag":false},"uagb_author_info":{"display_name":"Ari","author_link":"https:\/\/puertoshdz.com\/es\/author\/ariferrusagmail-com\/"},"uagb_comment_info":0,"uagb_excerpt":"Contact Puertos HDZ Home Improvements Trusted Roofing &amp; Air Conditioning Services in the Central Valley","_links":{"self":[{"href":"https:\/\/puertoshdz.com\/es\/wp-json\/wp\/v2\/pages\/860","targetHints":{"allow":["GET"]}}],"collection":[{"href":"https:\/\/puertoshdz.com\/es\/wp-json\/wp\/v2\/pages"}],"about":[{"href":"https:\/\/puertoshdz.com\/es\/wp-json\/wp\/v2\/types\/page"}],"author":[{"embeddable":true,"href":"https:\/\/puertoshdz.com\/es\/wp-json\/wp\/v2\/users\/1"}],"replies":[{"embeddable":true,"href":"https:\/\/puertoshdz.com\/es\/wp-json\/wp\/v2\/comments?post=860"}],"version-history":[{"count":55,"href":"https:\/\/puertoshdz.com\/es\/wp-json\/wp\/v2\/pages\/860\/revisions"}],"predecessor-version":[{"id":6945,"href":"https:\/\/puertoshdz.com\/es\/wp-json\/wp\/v2\/pages\/860\/revisions\/6945"}],"wp:attachment":[{"href":"https:\/\/puertoshdz.com\/es\/wp-json\/wp\/v2\/media?parent=860"}],"curies":[{"name":"wp","href":"https:\/\/api.w.org\/{rel}","templated":true}]}}